{"id":421,"date":"2018-09-21T10:34:12","date_gmt":"2018-09-21T08:34:12","guid":{"rendered":"http:\/\/adler-fanclubs-aktiv.de\/?page_id=421"},"modified":"2025-11-25T16:24:30","modified_gmt":"2025-11-25T15:24:30","slug":"bustouren","status":"publish","type":"page","link":"https:\/\/adler-fanclubs-aktiv.de\/?page_id=421","title":{"rendered":"Unsere Bustouren"},"content":{"rendered":"<p><strong>Hier findet ihr die Bustouren f\u00fcr die Ausw\u00e4rtsfahrten der Saison 2025\/2026<\/strong><\/p>\n<p><strong>Bustouren unser Meisterj\u00e4ger<\/strong><\/p>\n<p class=\"p1\">28.12.25 Augsburg<\/p>\n<p class=\"p1\">30.12.25 N\u00fcrnberg<\/p>\n<p class=\"p1\">04.01.25 M\u00fcnchen<\/p>\n<p class=\"p1\">08.03.26 Ingolstadt<\/p>\n<p>meldet euch bitte m\u00f6glichst zeitnah an unter <a href=\"mailto:meisterjaeger2012@gmail.com\">meisterjaeger2012@gmail.com<\/a> an.<\/p>\n<p>Die Fahrten finden je ab 25 Anmeldungen statt.<\/p>\n<p><strong>Busfahrten Bully Tor 82<\/strong><\/p>\n<p>08.03.26 Ingolstadt<\/p>\n<p>Anmeldung bitte \u00fcber Klaus Baumg\u00e4rtner unter 0171 9695341<\/p>\n<p>Weitere Links zu Ausw\u00e4rtsfahrten findet ihr immer beim Fanprojekt der Adler Mannheim unter der Rubrik Ausw\u00e4rtsfahrten.<\/p>\n<p><a href=\"http:\/\/www.adler-fanprojekt.de\">www.adler-fanprojekt.de<\/a><\/p>\n\n\n<p><\/p>\n","protected":false},"excerpt":{"rendered":"<p>Hier findet ihr die Bustouren f\u00fcr die Ausw\u00e4rtsfahrten der Saison 2025\/2026 Bustouren unser Meisterj\u00e4ger 28.12.25 Augsburg 30.12.25 N\u00fcrnberg 04.01.25 M\u00fcnchen<\/p>\n","protected":false},"author":1,"featured_media":430,"parent":0,"menu_order":0,"comment_status":"closed","ping_status":"closed","template":"","meta":{"footnotes":""},"class_list":["post-421","page","type-page","status-publish","has-post-thumbnail","hentry"],"_links":{"self":[{"href":"https:\/\/adler-fanclubs-aktiv.de\/index.php?rest_route=\/wp\/v2\/pages\/421","targetHints":{"allow":["GET"]}}],"collection":[{"href":"https:\/\/adler-fanclubs-aktiv.de\/index.php?rest_route=\/wp\/v2\/pages"}],"about":[{"href":"https:\/\/adler-fanclubs-aktiv.de\/index.php?rest_route=\/wp\/v2\/types\/page"}],"author":[{"embeddable":true,"href":"https:\/\/adler-fanclubs-aktiv.de\/index.php?rest_route=\/wp\/v2\/users\/1"}],"replies":[{"embeddable":true,"href":"https:\/\/adler-fanclubs-aktiv.de\/index.php?rest_route=%2Fwp%2Fv2%2Fcomments&post=421"}],"version-history":[{"count":31,"href":"https:\/\/adler-fanclubs-aktiv.de\/index.php?rest_route=\/wp\/v2\/pages\/421\/revisions"}],"predecessor-version":[{"id":880,"href":"https:\/\/adler-fanclubs-aktiv.de\/index.php?rest_route=\/wp\/v2\/pages\/421\/revisions\/880"}],"wp:featuredmedia":[{"embeddable":true,"href":"https:\/\/adler-fanclubs-aktiv.de\/index.php?rest_route=\/wp\/v2\/media\/430"}],"wp:attachment":[{"href":"https:\/\/adler-fanclubs-aktiv.de\/index.php?rest_route=%2Fwp%2Fv2%2Fmedia&parent=421"}],"curies":[{"name":"wp","href":"https:\/\/api.w.org\/{rel}","templated":true}]}}