{"id":353,"date":"2018-05-10T16:04:07","date_gmt":"2018-05-10T14:04:07","guid":{"rendered":"http:\/\/adler-fanclubs-aktiv.de\/?page_id=353"},"modified":"2025-01-24T09:21:51","modified_gmt":"2025-01-24T08:21:51","slug":"unsere-sprecher","status":"publish","type":"page","link":"https:\/\/adler-fanclubs-aktiv.de\/?page_id=353","title":{"rendered":"Unsere Sprecher*innen"},"content":{"rendered":"<p>Das Gremium f\u00fcr die Saisons 23\/24 und Saison 24\/25 der AFCA besteht aus 3 Mitgliedern, welche vor allem die Aktivit\u00e4ten gegen\u00fcber den Adler Mannheim b\u00fcndeln. Sie vertreten gemeinschaftlich die Interessen der AFCA mit den Mitgliedervereinen und deren Mitgliedern.<\/p>\n<p>Das Gremium besteht aus:<\/p>\n<p>Carolina Pfister vom Fanclub &#8222;Die H\u00e4rdschde&#8220;<\/p>\n<p>Chrissi Jenkins vom Fanclub &#8222;Net(z)adler&#8220;<\/p>\n<p>Falk Schultze vom Fanclub \u201eMonnem Blueliners\u201c<\/p>\n","protected":false},"excerpt":{"rendered":"<p>Das Gremium f\u00fcr die Saisons 23\/24 und Saison 24\/25 der AFCA besteht aus 3 Mitgliedern, welche vor allem die Aktivit\u00e4ten<\/p>\n","protected":false},"author":1,"featured_media":264,"parent":0,"menu_order":0,"comment_status":"closed","ping_status":"closed","template":"","meta":{"footnotes":""},"class_list":["post-353","page","type-page","status-publish","has-post-thumbnail","hentry"],"_links":{"self":[{"href":"https:\/\/adler-fanclubs-aktiv.de\/index.php?rest_route=\/wp\/v2\/pages\/353","targetHints":{"allow":["GET"]}}],"collection":[{"href":"https:\/\/adler-fanclubs-aktiv.de\/index.php?rest_route=\/wp\/v2\/pages"}],"about":[{"href":"https:\/\/adler-fanclubs-aktiv.de\/index.php?rest_route=\/wp\/v2\/types\/page"}],"author":[{"embeddable":true,"href":"https:\/\/adler-fanclubs-aktiv.de\/index.php?rest_route=\/wp\/v2\/users\/1"}],"replies":[{"embeddable":true,"href":"https:\/\/adler-fanclubs-aktiv.de\/index.php?rest_route=%2Fwp%2Fv2%2Fcomments&post=353"}],"version-history":[{"count":8,"href":"https:\/\/adler-fanclubs-aktiv.de\/index.php?rest_route=\/wp\/v2\/pages\/353\/revisions"}],"predecessor-version":[{"id":838,"href":"https:\/\/adler-fanclubs-aktiv.de\/index.php?rest_route=\/wp\/v2\/pages\/353\/revisions\/838"}],"wp:featuredmedia":[{"embeddable":true,"href":"https:\/\/adler-fanclubs-aktiv.de\/index.php?rest_route=\/wp\/v2\/media\/264"}],"wp:attachment":[{"href":"https:\/\/adler-fanclubs-aktiv.de\/index.php?rest_route=%2Fwp%2Fv2%2Fmedia&parent=353"}],"curies":[{"name":"wp","href":"https:\/\/api.w.org\/{rel}","templated":true}]}}