{"id":352,"date":"2018-05-10T16:04:07","date_gmt":"2018-05-10T14:04:07","guid":{"rendered":"http:\/\/adler-fanclubs-aktiv.de\/?page_id=352"},"modified":"2021-11-02T10:39:19","modified_gmt":"2021-11-02T09:39:19","slug":"unsere-spielregeln","status":"publish","type":"page","link":"https:\/\/adler-fanclubs-aktiv.de\/?page_id=352","title":{"rendered":"Unsere Spielregeln"},"content":{"rendered":"<div class=\"page\" title=\"Page 1\">\n<div class=\"layoutArea\">\n<div class=\"column\">\n<p>Der Zusammenschluss der Fanclubs zu der Vereinigung \u201eAdler Fanclubs Aktiv\u201c ( weiter AFCA ) ist freiwillig. Die Regeln der Mitgliederclubs bleiben bei Eintritt unberu\u0308hrt.<\/p>\n<p>Es gelten folgende Grundsa\u0308tze:<\/p>\n<ul>\n<li>Wir stehen fu\u0308r Toleranz, Gewaltfreiheit und Respekt im gegenseitigen Miteinander.<\/li>\n<li>Wir unterstu\u0308tzen das regionale Eishockey, insbesondere die Nachwuchsarbeit des MERC und das Jungadlerprojekt.<\/li>\n<li>Wir sind eine verla\u0308ssliche, offene und aktive Vertretung fu\u0308r Fanclubs.<\/li>\n<li>Wir arbeiten in respektvollem Umgang mit allen bestehenden Fangruppierungen und der Adler Mannheim Organisation Hand in Hand zusammen, um dem Verein in allen Belangen zur Seite zu stehen und in der O\u0308ffentlichkeit zu vertreten.<\/li>\n<li>Wir gestalten gemeinsam und aktiv Aktionen von Eishockey-Fans fu\u0308r Eishockey-Fans.<\/li>\n<\/ul>\n<p>Mitglied im AFCA kann jeder Fanclub der Adler Mannheim werden, der mindestens 10 Mitglieder hat und die Grundregeln des AFCA anerkennt. U\u0308ber den Beitritt wird mit einfacher Mehrheit bei den Versammlungen abgestimmt. Ein Beitrittsantrag ist mit mindestens 4 Wochen Vorlauf zu stellen, um den Mitgliedern der AFCA eine interne Abstimmung in ihren Clubs zu erm\u00f6glichen.<\/p>\n<p>Eine Mitgliedschaft in einer weiteren Fanclub-Organisation der Adler Mannheim ist nicht gestattet.<\/p>\n<p>Es werden regelma\u0308\u00dfig Versammlungen der Mitglieder des AFCA durchgefu\u0308hrt. Bei diesen Treffen sollte mindestens ein Mitglied jedes Clubs vertreten sein.<\/p>\n<p>Bei Abstimmungen hat jeder Fanclub pro Abstimmung eine Stimme.<\/p>\n<p>Das Gremium besteht aus 3-5 Mitgliedern und jeder Club kann in der Regel nur ein Mitglied stellen.<\/p>\n<p>Das Gremium der Sprecher stellt in erster Linie die Ansprechpartner f\u00fcr Partner\/ Fanclubs\/ Fanorganisationen und nat\u00fcrlich der Adler Mannheim dar.<\/p>\n<p>Bei Veranstaltungen oder Events und deren Organisation durch die AFCA ist es gew\u00fcnscht, dass sich alle Clubs einbringen. Die Auswahl der themenbezogenen Verantwortlichen findet im Rahmen der Versammlungen statt und kann \u00fcber alle Fanclubs des AFCA beliebig verteilt werden.<\/p>\n<p>Das Gremium wird alle zwei Jahre auf der Versammlung im Mai gewa\u0308hlt. Es findet eine Einzelwahl der Kandidaten statt. Gew\u00e4hlt ist, wer mehr als 50% der abgegebenen Stimmen erh\u00e4lt. Das Gremium ist eine Interessenvertretung der Mitglieder.<\/p>\n<\/div>\n<\/div>\n<\/div>\n<div class=\"page\" title=\"Page 2\">\n<div class=\"layoutArea\">\n<div class=\"column\">\n<p>Die Mitglieder des Gremiums mu\u0308ssen wa\u0308hrend der Amtszeit Mitglied eines der Fanclubs im AFCA sein.<\/p>\n<p>Wenn ein Mitglied des Gremiums w\u00e4hrend der Amtszeit ausscheidet oder den Fanclub wechselt, scheidet dieses Mitglied mit sofortiger Wirkung aus dem Gremium aus. Wenn gew\u00fcnscht findet eine Nachwahl auf der n\u00e4chsten Versammlung statt. Eine Wiederwahl einer ausgeschiedenen Person in das Gremium ist dabei m\u00f6glich.<\/p>\n<p>Der Jahresbeitrag wird bei der Versammlung im Mai fa\u0308llig und wird von den anwesenden Fanclubs ja\u0308hrlich festgelegt.<\/p>\n<p>Beschlu\u0308sse werden mit einfacher Mehrheit gefasst, Spielregeln werden mit 2\/3 Mehrheit der anwesenden Fanclubs gea\u0308ndert.<\/p>\n<p>Bei Auflo\u0308sung des AFCA wird das eventuelle Guthaben an &#8222;Adler helfen Menschen e.V.&#8220; gespendet.<\/p>\n<\/div>\n<p><em>Letzte \u00c4nderung der Satzung vom 28.10.2021<\/em><\/p>\n<\/div>\n<\/div>\n","protected":false},"excerpt":{"rendered":"<p>Der Zusammenschluss der Fanclubs zu der Vereinigung \u201eAdler Fanclubs Aktiv\u201c ( weiter AFCA ) ist freiwillig. Die Regeln der Mitgliederclubs<\/p>\n","protected":false},"author":1,"featured_media":0,"parent":0,"menu_order":0,"comment_status":"closed","ping_status":"closed","template":"","meta":{"footnotes":""},"class_list":["post-352","page","type-page","status-publish","hentry"],"_links":{"self":[{"href":"https:\/\/adler-fanclubs-aktiv.de\/index.php?rest_route=\/wp\/v2\/pages\/352","targetHints":{"allow":["GET"]}}],"collection":[{"href":"https:\/\/adler-fanclubs-aktiv.de\/index.php?rest_route=\/wp\/v2\/pages"}],"about":[{"href":"https:\/\/adler-fanclubs-aktiv.de\/index.php?rest_route=\/wp\/v2\/types\/page"}],"author":[{"embeddable":true,"href":"https:\/\/adler-fanclubs-aktiv.de\/index.php?rest_route=\/wp\/v2\/users\/1"}],"replies":[{"embeddable":true,"href":"https:\/\/adler-fanclubs-aktiv.de\/index.php?rest_route=%2Fwp%2Fv2%2Fcomments&post=352"}],"version-history":[{"count":6,"href":"https:\/\/adler-fanclubs-aktiv.de\/index.php?rest_route=\/wp\/v2\/pages\/352\/revisions"}],"predecessor-version":[{"id":709,"href":"https:\/\/adler-fanclubs-aktiv.de\/index.php?rest_route=\/wp\/v2\/pages\/352\/revisions\/709"}],"wp:attachment":[{"href":"https:\/\/adler-fanclubs-aktiv.de\/index.php?rest_route=%2Fwp%2Fv2%2Fmedia&parent=352"}],"curies":[{"name":"wp","href":"https:\/\/api.w.org\/{rel}","templated":true}]}}